{"id":48177,"date":"2024-09-11T09:05:49","date_gmt":"2024-09-11T12:05:49","guid":{"rendered":"https:\/\/consejomagistratura.gov.ar\/?page_id=48177"},"modified":"2024-09-11T10:36:57","modified_gmt":"2024-09-11T13:36:57","slug":"unidad-de-narcotrafico-delitos-complejos-y-trata-de-personas","status":"publish","type":"page","link":"https:\/\/consejomagistratura.gov.ar\/index.php\/unidad-de-narcotrafico-delitos-complejos-y-trata-de-personas\/","title":{"rendered":"UNIDAD DE NARCOTR\u00c1FICO, DELITOS COMPLEJOS, Y TRATA DE PERSONAS"},"content":{"rendered":"\t\t<div data-elementor-type=\"wp-page\" data-elementor-id=\"48177\" class=\"elementor elementor-48177\" data-elementor-post-type=\"page\">\n\t\t\t\t\t\t<section class=\"elementor-section elementor-top-section elementor-element elementor-element-6b64beeb elementor-section-boxed elementor-section-height-default elementor-section-height-default\" data-id=\"6b64beeb\" data-element_type=\"section\">\n\t\t\t\t\t\t<div class=\"elementor-container elementor-column-gap-narrow\">\n\t\t\t\t\t<div class=\"elementor-column elementor-col-50 elementor-top-column elementor-element elementor-element-6872f57e\" data-id=\"6872f57e\" data-element_type=\"column\">\n\t\t\t<div class=\"elementor-widget-wrap elementor-element-populated\">\n\t\t\t\t\t\t<div class=\"elementor-element elementor-element-2fb913ca e-grid-align-left e-grid-align-mobile-center elementor-shape-rounded elementor-grid-0 elementor-widget elementor-widget-social-icons\" data-id=\"2fb913ca\" data-element_type=\"widget\" data-widget_type=\"social-icons.default\">\n\t\t\t\t<div class=\"elementor-widget-container\">\n\t\t\t\t\t\t\t<div class=\"elementor-social-icons-wrapper elementor-grid\">\n\t\t\t\t\t\t\t<span class=\"elementor-grid-item\">\n\t\t\t\t\t<a class=\"elementor-icon elementor-social-icon elementor-social-icon-facebook elementor-repeater-item-ca8588a\" href=\"https:\/\/www.facebook.com\/consejomagistratura\" target=\"_blank\">\n\t\t\t\t\t\t<span class=\"elementor-screen-only\">Facebook<\/span>\n\t\t\t\t\t\t<i class=\"fab fa-facebook\"><\/i>\t\t\t\t\t<\/a>\n\t\t\t\t<\/span>\n\t\t\t\t\t\t\t<span class=\"elementor-grid-item\">\n\t\t\t\t\t<a class=\"elementor-icon elementor-social-icon elementor-social-icon-twitter elementor-repeater-item-e2f9e95\" href=\"https:\/\/twitter.com\/cmagistratura\" target=\"_blank\">\n\t\t\t\t\t\t<span class=\"elementor-screen-only\">Twitter<\/span>\n\t\t\t\t\t\t<i class=\"fab fa-twitter\"><\/i>\t\t\t\t\t<\/a>\n\t\t\t\t<\/span>\n\t\t\t\t\t\t\t<span class=\"elementor-grid-item\">\n\t\t\t\t\t<a class=\"elementor-icon elementor-social-icon elementor-social-icon-instagram elementor-repeater-item-e0b7108\" href=\"https:\/\/www.instagram.com\/consejodelamagistratura\/\" target=\"_blank\">\n\t\t\t\t\t\t<span class=\"elementor-screen-only\">Instagram<\/span>\n\t\t\t\t\t\t<i class=\"fab fa-instagram\"><\/i>\t\t\t\t\t<\/a>\n\t\t\t\t<\/span>\n\t\t\t\t\t\t\t<span class=\"elementor-grid-item\">\n\t\t\t\t\t<a class=\"elementor-icon elementor-social-icon elementor-social-icon-youtube elementor-repeater-item-4c58d6c\" href=\"https:\/\/www.youtube.com\/c\/consejodelamagistraturadelanacion\" target=\"_blank\">\n\t\t\t\t\t\t<span class=\"elementor-screen-only\">Youtube<\/span>\n\t\t\t\t\t\t<i class=\"fab fa-youtube\"><\/i>\t\t\t\t\t<\/a>\n\t\t\t\t<\/span>\n\t\t\t\t\t<\/div>\n\t\t\t\t\t\t<\/div>\n\t\t\t\t<\/div>\n\t\t\t\t\t<\/div>\n\t\t<\/div>\n\t\t\t\t<div class=\"elementor-column elementor-col-50 elementor-top-column elementor-element elementor-element-39f930e3\" data-id=\"39f930e3\" data-element_type=\"column\">\n\t\t\t<div class=\"elementor-widget-wrap elementor-element-populated\">\n\t\t\t\t\t\t<div class=\"elementor-element elementor-element-5867622a elementor-search-form--skin-classic elementor-search-form--button-type-icon elementor-search-form--icon-search elementor-widget elementor-widget-search-form\" data-id=\"5867622a\" data-element_type=\"widget\" data-settings=\"{&quot;skin&quot;:&quot;classic&quot;}\" data-widget_type=\"search-form.default\">\n\t\t\t\t<div class=\"elementor-widget-container\">\n\t\t\t\t\t\t\t<search role=\"search\">\n\t\t\t<form class=\"elementor-search-form\" action=\"https:\/\/consejomagistratura.gov.ar\" method=\"get\">\n\t\t\t\t\t\t\t\t\t\t\t\t<div class=\"elementor-search-form__container\">\n\t\t\t\t\t<label class=\"elementor-screen-only\" for=\"elementor-search-form-5867622a\">Search<\/label>\n\n\t\t\t\t\t\n\t\t\t\t\t<input id=\"elementor-search-form-5867622a\" placeholder=\"Ingrese aqu\u00ed su b\u00fasqueda.\" class=\"elementor-search-form__input\" type=\"search\" name=\"s\" value=\"\">\n\t\t\t\t\t\n\t\t\t\t\t\t\t\t\t\t\t<button class=\"elementor-search-form__submit\" type=\"submit\" aria-label=\"Search\">\n\t\t\t\t\t\t\t\t\t\t\t\t\t\t\t<i aria-hidden=\"true\" class=\"fas fa-search\"><\/i>\t\t\t\t\t\t\t\t\t\t\t\t\t<\/button>\n\t\t\t\t\t\n\t\t\t\t\t\t\t\t\t<\/div>\n\t\t\t<\/form>\n\t\t<\/search>\n\t\t\t\t\t\t<\/div>\n\t\t\t\t<\/div>\n\t\t\t\t\t<\/div>\n\t\t<\/div>\n\t\t\t\t\t<\/div>\n\t\t<\/section>\n\t\t\t\t<section class=\"elementor-section elementor-top-section elementor-element elementor-element-79a68426 elementor-section-boxed elementor-section-height-default elementor-section-height-default\" data-id=\"79a68426\" data-element_type=\"section\">\n\t\t\t\t\t\t<div class=\"elementor-container elementor-column-gap-narrow\">\n\t\t\t\t\t<div class=\"elementor-column elementor-col-100 elementor-top-column elementor-element elementor-element-705fec10\" data-id=\"705fec10\" data-element_type=\"column\">\n\t\t\t<div class=\"elementor-widget-wrap elementor-element-populated\">\n\t\t\t\t\t\t<section class=\"elementor-section elementor-inner-section elementor-element elementor-element-3c94d57d elementor-section-boxed elementor-section-height-default elementor-section-height-default\" data-id=\"3c94d57d\" data-element_type=\"section\">\n\t\t\t\t\t\t<div class=\"elementor-container elementor-column-gap-narrow\">\n\t\t\t\t\t<div class=\"elementor-column elementor-col-100 elementor-inner-column elementor-element elementor-element-7907fcdb\" data-id=\"7907fcdb\" data-element_type=\"column\" data-settings=\"{&quot;background_background&quot;:&quot;classic&quot;}\">\n\t\t\t<div class=\"elementor-widget-wrap elementor-element-populated\">\n\t\t\t\t\t\t<div class=\"elementor-element elementor-element-55472a2c elementor-widget elementor-widget-spacer\" data-id=\"55472a2c\" data-element_type=\"widget\" data-widget_type=\"spacer.default\">\n\t\t\t\t<div class=\"elementor-widget-container\">\n\t\t\t\t\t\t\t<div class=\"elementor-spacer\">\n\t\t\t<div class=\"elementor-spacer-inner\"><\/div>\n\t\t<\/div>\n\t\t\t\t\t\t<\/div>\n\t\t\t\t<\/div>\n\t\t\t\t<div class=\"elementor-element elementor-element-72f75521 elementor-widget elementor-widget-heading\" data-id=\"72f75521\" data-element_type=\"widget\" data-widget_type=\"heading.default\">\n\t\t\t\t<div class=\"elementor-widget-container\">\n\t\t\t\t\t<h2 class=\"elementor-heading-title elementor-size-default\">UNIDAD DE NARCOTR\u00c1FICO, DELITOS COMPLEJOS Y TRATA DE PERSONAS<\/h2>\t\t\t\t<\/div>\n\t\t\t\t<\/div>\n\t\t\t\t<div class=\"elementor-element elementor-element-65633ede elementor-widget elementor-widget-spacer\" data-id=\"65633ede\" data-element_type=\"widget\" data-widget_type=\"spacer.default\">\n\t\t\t\t<div class=\"elementor-widget-container\">\n\t\t\t\t\t\t\t<div class=\"elementor-spacer\">\n\t\t\t<div class=\"elementor-spacer-inner\"><\/div>\n\t\t<\/div>\n\t\t\t\t\t\t<\/div>\n\t\t\t\t<\/div>\n\t\t\t\t\t<\/div>\n\t\t<\/div>\n\t\t\t\t\t<\/div>\n\t\t<\/section>\n\t\t\t\t\t<\/div>\n\t\t<\/div>\n\t\t\t\t\t<\/div>\n\t\t<\/section>\n\t\t\t\t<section class=\"elementor-section elementor-top-section elementor-element elementor-element-5259427 elementor-section-height-min-height elementor-section-content-middle elementor-section-boxed elementor-section-height-default elementor-section-items-middle\" data-id=\"5259427\" data-element_type=\"section\" data-settings=\"{&quot;background_background&quot;:&quot;classic&quot;}\">\n\t\t\t\t\t\t<div class=\"elementor-container elementor-column-gap-no\">\n\t\t\t\t\t<div class=\"elementor-column elementor-col-100 elementor-top-column elementor-element elementor-element-dcf0626\" data-id=\"dcf0626\" data-element_type=\"column\">\n\t\t\t<div class=\"elementor-widget-wrap elementor-element-populated\">\n\t\t\t\t\t\t<div class=\"elementor-element elementor-element-3b85863 elementor-widget elementor-widget-heading\" data-id=\"3b85863\" data-element_type=\"widget\" data-widget_type=\"heading.default\">\n\t\t\t\t<div class=\"elementor-widget-container\">\n\t\t\t\t\t<h2 class=\"elementor-heading-title elementor-size-default\">La Unidad de Narcotr\u00e1fico, Delitos Complejos y Trata de Personas del Consejo de la Magistratura de la Naci\u00f3n fue creada por el plenario mediante Resoluci\u00f3n n\u00ba 134\/2024, a partir de la escisi\u00f3n de las competencias de la entonces Unidad de Derechos Humanos, G\u00e9nero, Trata de Personas y Narcotr\u00e1fico.<br>\n<br>\n \n\nEntre sus atribuciones y funciones fijadas por resoluci\u00f3n, se encuentran las de llevar adelante un relevamiento de las causas que se vinculen con Narcotr\u00e1fico y Trata de Personas de todo el pa\u00eds.<br><br>\n\nAsimismo, coordinar acciones para proveer los medios a los Tribunales que requieren asistencia y colaboraci\u00f3n por la complejidad de sus causas en las materias referidas, y asistir a los Magistrados Federales de las provincias que requieran colaboraci\u00f3n y gestiones por cuestiones planteadas en la Ciudad de Buenos Aires.<br><br>\n\nTambi\u00e9n cabe se\u00f1alar que es competencia de la Unidad cooperar con los planes de capacitaci\u00f3n y profesionalizaci\u00f3n de funcionarios y agentes en la materia, y promover medidas de concientizaci\u00f3n sobre Narcotr\u00e1fico y Trata de Personas, la articulaci\u00f3n y cooperaci\u00f3n en las pol\u00edticas p\u00fablicas y de prevenci\u00f3n y erradicaci\u00f3n de estos cr\u00edmenes.<br><br>\n\n \n\nLa resoluci\u00f3n de creaci\u00f3n determina como \u00e1mbito de aplicaci\u00f3n de actuaci\u00f3n de la Unidad las siguientes \u00e1reas: Plenario; Presidencia del Consejo; Secretaria General, Comisiones de Disciplina, Acusaci\u00f3n, de Administraci\u00f3n y Financiera, de Selecci\u00f3n de Magistrados y Escuela Judicial, y Auxiliar Permanente de Reglamentaci\u00f3n, Cuerpo de Auditores, Administraci\u00f3n General, todo otro organismo que se establezca como dependiente del Consejo de la Magistratura de la Naci\u00f3n.<br><br>\n\n \n\nDe la Unidad depende el Instituto de Investigaciones del Consejo de la Magistratura.<br><\/h2>\t\t\t\t<\/div>\n\t\t\t\t<\/div>\n\t\t\t\t<div class=\"elementor-element elementor-element-f94d51e elementor-widget elementor-widget-heading\" data-id=\"f94d51e\" data-element_type=\"widget\" data-widget_type=\"heading.default\">\n\t\t\t\t<div class=\"elementor-widget-container\">\n\t\t\t\t\t<h2 class=\"elementor-heading-title elementor-size-default\"><b>Responsable:<\/b> Dr. Rodrigo Codino<br>\n\nContacto con la Unidad de Narcotr\u00e1fico, Delitos Complejos, y Trata de Personas:<br>\n\n<b>Direcci\u00f3n:<\/b> Diagonal Roque S\u00e1enz Pe\u00f1a 1190 8\u00b0 Piso. oficina 86, C.P.:C1035AAO, Ciudad Aut\u00f3noma de Buenos Aires<br>\n\n<b>Tel\u00e9fono:<\/b> (011) 4379-1743<br>\n\n<b>Correo electr\u00f3nico:<\/b> cm.unidad.narcotrafico@pjn.gov.ar<br><\/h2>\t\t\t\t<\/div>\n\t\t\t\t<\/div>\n\t\t\t\t\t<\/div>\n\t\t<\/div>\n\t\t\t\t\t<\/div>\n\t\t<\/section>\n\t\t\t\t<section class=\"elementor-section elementor-top-section elementor-element elementor-element-37dcbce elementor-section-boxed elementor-section-height-default elementor-section-height-default\" data-id=\"37dcbce\" data-element_type=\"section\">\n\t\t\t\t\t\t<div class=\"elementor-container elementor-column-gap-extended\">\n\t\t\t\t\t<div class=\"elementor-column elementor-col-33 elementor-top-column elementor-element elementor-element-2c8c1a2\" data-id=\"2c8c1a2\" data-element_type=\"column\">\n\t\t\t<div class=\"elementor-widget-wrap\">\n\t\t\t\t\t\t\t<\/div>\n\t\t<\/div>\n\t\t\t\t<div class=\"elementor-column elementor-col-33 elementor-top-column elementor-element elementor-element-d5922f0\" data-id=\"d5922f0\" data-element_type=\"column\">\n\t\t\t<div class=\"elementor-widget-wrap\">\n\t\t\t\t\t\t\t<\/div>\n\t\t<\/div>\n\t\t\t\t<div class=\"elementor-column elementor-col-33 elementor-top-column elementor-element elementor-element-fdb3107\" data-id=\"fdb3107\" data-element_type=\"column\">\n\t\t\t<div class=\"elementor-widget-wrap\">\n\t\t\t\t\t\t\t<\/div>\n\t\t<\/div>\n\t\t\t\t\t<\/div>\n\t\t<\/section>\n\t\t\t\t<section class=\"elementor-section elementor-top-section elementor-element elementor-element-9f5417e elementor-section-boxed elementor-section-height-default elementor-section-height-default\" data-id=\"9f5417e\" data-element_type=\"section\">\n\t\t\t\t\t\t<div class=\"elementor-container elementor-column-gap-no\">\n\t\t\t\t\t<div class=\"elementor-column elementor-col-100 elementor-top-column elementor-element elementor-element-232e488\" data-id=\"232e488\" data-element_type=\"column\">\n\t\t\t<div class=\"elementor-widget-wrap elementor-element-populated\">\n\t\t\t\t\t\t<div class=\"elementor-element elementor-element-6ad9a1a elementor-widget elementor-widget-spacer\" data-id=\"6ad9a1a\" data-element_type=\"widget\" data-widget_type=\"spacer.default\">\n\t\t\t\t<div class=\"elementor-widget-container\">\n\t\t\t\t\t\t\t<div class=\"elementor-spacer\">\n\t\t\t<div class=\"elementor-spacer-inner\"><\/div>\n\t\t<\/div>\n\t\t\t\t\t\t<\/div>\n\t\t\t\t<\/div>\n\t\t\t\t\t<\/div>\n\t\t<\/div>\n\t\t\t\t\t<\/div>\n\t\t<\/section>\n\t\t\t\t<section class=\"elementor-section elementor-top-section elementor-element elementor-element-7b7bde5a elementor-section-boxed elementor-section-height-default elementor-section-height-default\" data-id=\"7b7bde5a\" data-element_type=\"section\">\n\t\t\t\t\t\t<div class=\"elementor-container elementor-column-gap-no\">\n\t\t\t\t\t<div class=\"elementor-column elementor-col-100 elementor-top-column elementor-element elementor-element-67745a09\" data-id=\"67745a09\" data-element_type=\"column\">\n\t\t\t<div class=\"elementor-widget-wrap\">\n\t\t\t\t\t\t\t<\/div>\n\t\t<\/div>\n\t\t\t\t\t<\/div>\n\t\t<\/section>\n\t\t\t\t<\/div>\n\t\t","protected":false},"excerpt":{"rendered":"<p>Facebook Twitter Instagram Youtube UNIDAD DE NARCOTR\u00c1FICO, DELITOS COMPLEJOS Y TRATA DE PERSONAS La Unidad de Narcotr\u00e1fico, Delitos Complejos y Trata de Personas del Consejo de la Magistratura de la Naci\u00f3n fue creada por el [&hellip;]<\/p>\n","protected":false},"author":1,"featured_media":12728,"parent":0,"menu_order":0,"comment_status":"closed","ping_status":"closed","template":"elementor_header_footer","meta":{"footnotes":""},"class_list":["post-48177","page","type-page","status-publish","has-post-thumbnail","hentry"],"yoast_head":"<!-- This site is optimized with the Yoast SEO Premium plugin v16.2 (Yoast SEO v17.9) - https:\/\/yoast.com\/wordpress\/plugins\/seo\/ -->\n<title>UNIDAD DE NARCOTR\u00c1FICO, DELITOS COMPLEJOS, Y TRATA DE PERSONAS | Consejo de la Magistratura<\/title>\n<meta name=\"description\" content=\"Poder Judicial de la Naci\u00f3n\" \/>\n<meta name=\"robots\" content=\"index, follow, max-snippet:-1, max-image-preview:large, max-video-preview:-1\" \/>\n<link rel=\"canonical\" href=\"https:\/\/consejomagistratura.gov.ar\/index.php\/unidad-de-narcotrafico-delitos-complejos-y-trata-de-personas\/\" \/>\n<meta property=\"og:locale\" content=\"es_ES\" \/>\n<meta property=\"og:type\" content=\"article\" \/>\n<meta property=\"og:title\" content=\"UNIDAD DE NARCOTR\u00c1FICO, DELITOS COMPLEJOS, Y TRATA DE PERSONAS | Consejo de la Magistratura\" \/>\n<meta property=\"og:description\" content=\"Poder Judicial de la Naci\u00f3n.\" \/>\n<meta property=\"og:url\" content=\"https:\/\/consejomagistratura.gov.ar\/index.php\/unidad-de-narcotrafico-delitos-complejos-y-trata-de-personas\/\" \/>\n<meta property=\"og:site_name\" content=\"Consejo de la Magistratura\" \/>\n<meta property=\"article:publisher\" content=\"https:\/\/www.facebook.com\/consejomagistratura\" \/>\n<meta property=\"article:modified_time\" content=\"2024-09-11T13:36:57+00:00\" \/>\n<meta property=\"og:image\" content=\"https:\/\/consejomagistratura.gov.ar\/wp-content\/uploads\/2021\/07\/derechos-humanos.png\" \/>\n\t<meta property=\"og:image:width\" content=\"1500\" \/>\n\t<meta property=\"og:image:height\" content=\"1500\" \/>\n\t<meta property=\"og:image:type\" content=\"image\/png\" \/>\n<meta name=\"twitter:card\" content=\"summary_large_image\" \/>\n<meta name=\"twitter:title\" content=\"UNIDAD DE NARCOTR\u00c1FICO, DELITOS COMPLEJOS, Y TRATA DE PERSONAS | Consejo de la Magistratura\" \/>\n<meta name=\"twitter:description\" content=\"Poder Judicial de la Naci\u00f3n.\" \/>\n<meta name=\"twitter:image\" content=\"https:\/\/consejomagistratura.gov.ar\/wp-content\/uploads\/2021\/07\/derechos-humanos.png\" \/>\n<meta name=\"twitter:site\" content=\"@cmagistratura\" \/>\n<meta name=\"twitter:label1\" content=\"Tiempo de lectura\" \/>\n\t<meta name=\"twitter:data1\" content=\"2 minutos\" \/>\n<script type=\"application\/ld+json\" class=\"yoast-schema-graph\">{\"@context\":\"https:\/\/schema.org\",\"@graph\":[{\"@type\":\"Organization\",\"@id\":\"https:\/\/consejomagistratura.gov.ar\/#organization\",\"name\":\"Consejo de la Magistratura\",\"url\":\"https:\/\/consejomagistratura.gov.ar\/\",\"sameAs\":[\"https:\/\/www.facebook.com\/consejomagistratura\",\"https:\/\/www.instagram.com\/consejodelamagistratura\/\",\"https:\/\/www.youtube.com\/c\/consejodelamagistraturadelanacion\",\"https:\/\/es.wikipedia.org\/wiki\/Consejo_de_la_Magistratura_(Argentina)\",\"https:\/\/twitter.com\/cmagistratura\"],\"logo\":{\"@type\":\"ImageObject\",\"@id\":\"https:\/\/consejomagistratura.gov.ar\/#logo\",\"inLanguage\":\"es-AR\",\"url\":\"https:\/\/consejomagistratura.gov.ar\/wp-content\/uploads\/2021\/08\/logo_link_2_Mesa-de-trabajo-1.png\",\"contentUrl\":\"https:\/\/consejomagistratura.gov.ar\/wp-content\/uploads\/2021\/08\/logo_link_2_Mesa-de-trabajo-1.png\",\"width\":1067,\"height\":780,\"caption\":\"Consejo de la Magistratura\"},\"image\":{\"@id\":\"https:\/\/consejomagistratura.gov.ar\/#logo\"}},{\"@type\":\"WebSite\",\"@id\":\"https:\/\/consejomagistratura.gov.ar\/#website\",\"url\":\"https:\/\/consejomagistratura.gov.ar\/\",\"name\":\"Consejo de la Magistratura\",\"description\":\"\",\"publisher\":{\"@id\":\"https:\/\/consejomagistratura.gov.ar\/#organization\"},\"potentialAction\":[{\"@type\":\"SearchAction\",\"target\":{\"@type\":\"EntryPoint\",\"urlTemplate\":\"https:\/\/consejomagistratura.gov.ar\/?s={search_term_string}\"},\"query-input\":\"required name=search_term_string\"}],\"inLanguage\":\"es-AR\"},{\"@type\":\"ImageObject\",\"@id\":\"https:\/\/consejomagistratura.gov.ar\/index.php\/unidad-de-narcotrafico-delitos-complejos-y-trata-de-personas\/#primaryimage\",\"inLanguage\":\"es-AR\",\"url\":\"https:\/\/consejomagistratura.gov.ar\/wp-content\/uploads\/2021\/07\/derechos-humanos.png\",\"contentUrl\":\"https:\/\/consejomagistratura.gov.ar\/wp-content\/uploads\/2021\/07\/derechos-humanos.png\",\"width\":1500,\"height\":1500},{\"@type\":\"WebPage\",\"@id\":\"https:\/\/consejomagistratura.gov.ar\/index.php\/unidad-de-narcotrafico-delitos-complejos-y-trata-de-personas\/#webpage\",\"url\":\"https:\/\/consejomagistratura.gov.ar\/index.php\/unidad-de-narcotrafico-delitos-complejos-y-trata-de-personas\/\",\"name\":\"UNIDAD DE NARCOTR\\u00c1FICO, DELITOS COMPLEJOS, Y TRATA DE PERSONAS | Consejo de la Magistratura\",\"isPartOf\":{\"@id\":\"https:\/\/consejomagistratura.gov.ar\/#website\"},\"primaryImageOfPage\":{\"@id\":\"https:\/\/consejomagistratura.gov.ar\/index.php\/unidad-de-narcotrafico-delitos-complejos-y-trata-de-personas\/#primaryimage\"},\"datePublished\":\"2024-09-11T12:05:49+00:00\",\"dateModified\":\"2024-09-11T13:36:57+00:00\",\"description\":\"Poder Judicial de la Naci\\u00f3n\",\"breadcrumb\":{\"@id\":\"https:\/\/consejomagistratura.gov.ar\/index.php\/unidad-de-narcotrafico-delitos-complejos-y-trata-de-personas\/#breadcrumb\"},\"inLanguage\":\"es-AR\",\"potentialAction\":[{\"@type\":\"ReadAction\",\"target\":[\"https:\/\/consejomagistratura.gov.ar\/index.php\/unidad-de-narcotrafico-delitos-complejos-y-trata-de-personas\/\"]}]},{\"@type\":\"BreadcrumbList\",\"@id\":\"https:\/\/consejomagistratura.gov.ar\/index.php\/unidad-de-narcotrafico-delitos-complejos-y-trata-de-personas\/#breadcrumb\",\"itemListElement\":[{\"@type\":\"ListItem\",\"position\":1,\"name\":\"Inicio\",\"item\":\"https:\/\/consejomagistratura.gov.ar\/\"},{\"@type\":\"ListItem\",\"position\":2,\"name\":\"UNIDAD DE NARCOTR\\u00c1FICO, DELITOS COMPLEJOS, Y TRATA DE PERSONAS\"}]}]}<\/script>\n<!-- \/ Yoast SEO Premium plugin. -->","yoast_head_json":{"title":"UNIDAD DE NARCOTR\u00c1FICO, DELITOS COMPLEJOS, Y TRATA DE PERSONAS | Consejo de la Magistratura","description":"Poder Judicial de la Naci\u00f3n","robots":{"index":"index","follow":"follow","max-snippet":"max-snippet:-1","max-image-preview":"max-image-preview:large","max-video-preview":"max-video-preview:-1"},"canonical":"https:\/\/consejomagistratura.gov.ar\/index.php\/unidad-de-narcotrafico-delitos-complejos-y-trata-de-personas\/","og_locale":"es_ES","og_type":"article","og_title":"UNIDAD DE NARCOTR\u00c1FICO, DELITOS COMPLEJOS, Y TRATA DE PERSONAS | Consejo de la Magistratura","og_description":"Poder Judicial de la Naci\u00f3n.","og_url":"https:\/\/consejomagistratura.gov.ar\/index.php\/unidad-de-narcotrafico-delitos-complejos-y-trata-de-personas\/","og_site_name":"Consejo de la Magistratura","article_publisher":"https:\/\/www.facebook.com\/consejomagistratura","article_modified_time":"2024-09-11T13:36:57+00:00","og_image":[{"width":1500,"height":1500,"url":"https:\/\/consejomagistratura.gov.ar\/wp-content\/uploads\/2021\/07\/derechos-humanos.png","type":"image\/png"}],"twitter_card":"summary_large_image","twitter_title":"UNIDAD DE NARCOTR\u00c1FICO, DELITOS COMPLEJOS, Y TRATA DE PERSONAS | Consejo de la Magistratura","twitter_description":"Poder Judicial de la Naci\u00f3n.","twitter_image":"https:\/\/consejomagistratura.gov.ar\/wp-content\/uploads\/2021\/07\/derechos-humanos.png","twitter_site":"@cmagistratura","twitter_misc":{"Tiempo de lectura":"2 minutos"},"schema":{"@context":"https:\/\/schema.org","@graph":[{"@type":"Organization","@id":"https:\/\/consejomagistratura.gov.ar\/#organization","name":"Consejo de la Magistratura","url":"https:\/\/consejomagistratura.gov.ar\/","sameAs":["https:\/\/www.facebook.com\/consejomagistratura","https:\/\/www.instagram.com\/consejodelamagistratura\/","https:\/\/www.youtube.com\/c\/consejodelamagistraturadelanacion","https:\/\/es.wikipedia.org\/wiki\/Consejo_de_la_Magistratura_(Argentina)","https:\/\/twitter.com\/cmagistratura"],"logo":{"@type":"ImageObject","@id":"https:\/\/consejomagistratura.gov.ar\/#logo","inLanguage":"es-AR","url":"https:\/\/consejomagistratura.gov.ar\/wp-content\/uploads\/2021\/08\/logo_link_2_Mesa-de-trabajo-1.png","contentUrl":"https:\/\/consejomagistratura.gov.ar\/wp-content\/uploads\/2021\/08\/logo_link_2_Mesa-de-trabajo-1.png","width":1067,"height":780,"caption":"Consejo de la Magistratura"},"image":{"@id":"https:\/\/consejomagistratura.gov.ar\/#logo"}},{"@type":"WebSite","@id":"https:\/\/consejomagistratura.gov.ar\/#website","url":"https:\/\/consejomagistratura.gov.ar\/","name":"Consejo de la Magistratura","description":"","publisher":{"@id":"https:\/\/consejomagistratura.gov.ar\/#organization"},"potentialAction":[{"@type":"SearchAction","target":{"@type":"EntryPoint","urlTemplate":"https:\/\/consejomagistratura.gov.ar\/?s={search_term_string}"},"query-input":"required name=search_term_string"}],"inLanguage":"es-AR"},{"@type":"ImageObject","@id":"https:\/\/consejomagistratura.gov.ar\/index.php\/unidad-de-narcotrafico-delitos-complejos-y-trata-de-personas\/#primaryimage","inLanguage":"es-AR","url":"https:\/\/consejomagistratura.gov.ar\/wp-content\/uploads\/2021\/07\/derechos-humanos.png","contentUrl":"https:\/\/consejomagistratura.gov.ar\/wp-content\/uploads\/2021\/07\/derechos-humanos.png","width":1500,"height":1500},{"@type":"WebPage","@id":"https:\/\/consejomagistratura.gov.ar\/index.php\/unidad-de-narcotrafico-delitos-complejos-y-trata-de-personas\/#webpage","url":"https:\/\/consejomagistratura.gov.ar\/index.php\/unidad-de-narcotrafico-delitos-complejos-y-trata-de-personas\/","name":"UNIDAD DE NARCOTR\u00c1FICO, DELITOS COMPLEJOS, Y TRATA DE PERSONAS | Consejo de la Magistratura","isPartOf":{"@id":"https:\/\/consejomagistratura.gov.ar\/#website"},"primaryImageOfPage":{"@id":"https:\/\/consejomagistratura.gov.ar\/index.php\/unidad-de-narcotrafico-delitos-complejos-y-trata-de-personas\/#primaryimage"},"datePublished":"2024-09-11T12:05:49+00:00","dateModified":"2024-09-11T13:36:57+00:00","description":"Poder Judicial de la Naci\u00f3n","breadcrumb":{"@id":"https:\/\/consejomagistratura.gov.ar\/index.php\/unidad-de-narcotrafico-delitos-complejos-y-trata-de-personas\/#breadcrumb"},"inLanguage":"es-AR","potentialAction":[{"@type":"ReadAction","target":["https:\/\/consejomagistratura.gov.ar\/index.php\/unidad-de-narcotrafico-delitos-complejos-y-trata-de-personas\/"]}]},{"@type":"BreadcrumbList","@id":"https:\/\/consejomagistratura.gov.ar\/index.php\/unidad-de-narcotrafico-delitos-complejos-y-trata-de-personas\/#breadcrumb","itemListElement":[{"@type":"ListItem","position":1,"name":"Inicio","item":"https:\/\/consejomagistratura.gov.ar\/"},{"@type":"ListItem","position":2,"name":"UNIDAD DE NARCOTR\u00c1FICO, DELITOS COMPLEJOS, Y TRATA DE PERSONAS"}]}]}},"_links":{"self":[{"href":"https:\/\/consejomagistratura.gov.ar\/index.php\/wp-json\/wp\/v2\/pages\/48177","targetHints":{"allow":["GET"]}}],"collection":[{"href":"https:\/\/consejomagistratura.gov.ar\/index.php\/wp-json\/wp\/v2\/pages"}],"about":[{"href":"https:\/\/consejomagistratura.gov.ar\/index.php\/wp-json\/wp\/v2\/types\/page"}],"author":[{"embeddable":true,"href":"https:\/\/consejomagistratura.gov.ar\/index.php\/wp-json\/wp\/v2\/users\/1"}],"replies":[{"embeddable":true,"href":"https:\/\/consejomagistratura.gov.ar\/index.php\/wp-json\/wp\/v2\/comments?post=48177"}],"version-history":[{"count":55,"href":"https:\/\/consejomagistratura.gov.ar\/index.php\/wp-json\/wp\/v2\/pages\/48177\/revisions"}],"predecessor-version":[{"id":48233,"href":"https:\/\/consejomagistratura.gov.ar\/index.php\/wp-json\/wp\/v2\/pages\/48177\/revisions\/48233"}],"wp:featuredmedia":[{"embeddable":true,"href":"https:\/\/consejomagistratura.gov.ar\/index.php\/wp-json\/wp\/v2\/media\/12728"}],"wp:attachment":[{"href":"https:\/\/consejomagistratura.gov.ar\/index.php\/wp-json\/wp\/v2\/media?parent=48177"}],"curies":[{"name":"wp","href":"https:\/\/api.w.org\/{rel}","templated":true}]}}